{"id":6849,"date":"2023-12-11T10:07:55","date_gmt":"2023-12-11T09:07:55","guid":{"rendered":"https:\/\/operamx.events\/nutrimental\/?page_id=6849"},"modified":"2023-12-11T10:28:13","modified_gmt":"2023-12-11T09:28:13","slug":"nosotros","status":"publish","type":"page","link":"https:\/\/operamx.events\/nutrimental\/index.php\/nosotros\/","title":{"rendered":"Nosotros"},"content":{"rendered":"\t\t<div data-elementor-type=\"wp-page\" data-elementor-id=\"6849\" class=\"elementor elementor-6849\">\n\t\t\t\t\t\t\t<div class=\"elementor-element elementor-element-0471e6c e-flex e-con-boxed e-con e-parent\" data-id=\"0471e6c\" data-element_type=\"container\" data-settings=\"{&quot;content_width&quot;:&quot;boxed&quot;}\" data-core-v316-plus=\"true\">\n\t\t\t\t\t<div class=\"e-con-inner\">\n\t\t\t\t<div class=\"elementor-element elementor-element-cb1a103 elementor-widget elementor-widget-text-editor\" data-id=\"cb1a103\" data-element_type=\"widget\" data-widget_type=\"text-editor.default\">\n\t\t\t\t<div class=\"elementor-widget-container\">\n\t\t\t<style>\/*! elementor - v3.17.0 - 08-11-2023 *\/\n.elementor-widget-text-editor.elementor-drop-cap-view-stacked .elementor-drop-cap{background-color:#69727d;color:#fff}.elementor-widget-text-editor.elementor-drop-cap-view-framed .elementor-drop-cap{color:#69727d;border:3px solid;background-color:transparent}.elementor-widget-text-editor:not(.elementor-drop-cap-view-default) .elementor-drop-cap{margin-top:8px}.elementor-widget-text-editor:not(.elementor-drop-cap-view-default) .elementor-drop-cap-letter{width:1em;height:1em}.elementor-widget-text-editor .elementor-drop-cap{float:left;text-align:center;line-height:1;font-size:50px}.elementor-widget-text-editor .elementor-drop-cap-letter{display:inline-block}<\/style>\t\t\t\t<p style=\"text-align: justify;\">En Nutrimental, la nutrici\u00f3n cl\u00ednica es el eje principal y destaca por su atenci\u00f3n especializada y personalizada.<\/p><p style=\"text-align: justify;\">Nutrimental es una Cl\u00ednica de Nutrici\u00f3n Integral creada por Angela Kimura en 2001. Est\u00e1 integrada por expertos en nutrici\u00f3n que se mantienen en constante actualizaci\u00f3n.<\/p><p style=\"text-align: justify;\">Nuestra misi\u00f3n es guiarte a trav\u00e9s de la informaci\u00f3n basa en evidencia sobre nutrici\u00f3n y salud para adquirir un estilo de vida que optimice t\u00fa salud y calidad de vida logrando que te veas y sientas bien.<\/p><p style=\"text-align: justify;\">La visi\u00f3n de Nutrimental es ofrecer servicios de calidad a trav\u00e9s de consultas especializadas y personalizadas por expertos en nutrici\u00f3n cl\u00ednica para seguir cambiando positivamente la vida de nuestros pacientes.<\/p>\t\t\t\t\t\t<\/div>\n\t\t\t\t<\/div>\n\t\t\t\t\t<\/div>\n\t\t\t\t<\/div>\n\t\t\t\t<div class=\"elementor-section elementor-inner-section elementor-element elementor-element-f587085 elementor-section-boxed elementor-section-height-default elementor-section-height-default\" data-id=\"f587085\" data-element_type=\"section\">\n\t\t\t\t\t\t<div class=\"elementor-container elementor-column-gap-default\">\n\t\t\t\t\t<div class=\"elementor-column elementor-col-100 elementor-inner-column elementor-element elementor-element-6c80112\" data-id=\"6c80112\" data-element_type=\"column\">\n\t\t\t<div class=\"elementor-widget-wrap elementor-element-populated\">\n\t\t\t\t\t\t\t\t<div class=\"elementor-element elementor-element-7fbec9c elementor-widget elementor-widget-section-title\" data-id=\"7fbec9c\" data-element_type=\"widget\" data-widget_type=\"section-title.default\">\n\t\t\t\t<div class=\"elementor-widget-container\">\n\t\t\t<div class=\"pt-section-title-box  pt-section-title-style-1 text-center\">\r\n\r\n   \t\t   \t\t\t   <h5 class=\"pt-section-title\" >Nuestros servicios de Nutrici\u00f3n<\/h5>\r\n\t   <p class=\"pt-section-description\"><\/p>\r\n     \r\n \r\n\t<\/div>\r\n\r\n\t\t<\/div>\n\t\t\t\t<\/div>\n\t\t\t\t\t<\/div>\n\t\t<\/div>\n\t\t\t\t\t\t\t<\/div>\n\t\t<\/div>\n\t\t\t\t<div class=\"elementor-section elementor-inner-section elementor-element elementor-element-f237920 elementor-section-boxed elementor-section-height-default elementor-section-height-default\" data-id=\"f237920\" data-element_type=\"section\">\n\t\t\t\t\t\t<div class=\"elementor-container elementor-column-gap-default\">\n\t\t\t\t\t<div class=\"elementor-column elementor-col-100 elementor-inner-column elementor-element elementor-element-9674f5d\" data-id=\"9674f5d\" data-element_type=\"column\">\n\t\t\t<div class=\"elementor-widget-wrap elementor-element-populated\">\n\t\t\t\t\t\t\t\t<div class=\"elementor-element elementor-element-4447044 elementor-widget elementor-widget-Service_Box\" data-id=\"4447044\" data-element_type=\"widget\" data-widget_type=\"Service_Box.default\">\n\t\t\t\t<div class=\"elementor-widget-container\">\n\t\t\t\t<div class=\"pt-service-box-6-list text-center\">\r\n\t\t\t\t\t<div class=\"item\">\r\n\t\t\t\t<div class=\"pt-service-box pt-style-6\">\r\n\t\t\t\t\t<div class=\"pt-service-img\">\r\n\t\t\t\t\t\t\t\t\t\t\t\t\t<img decoding=\"async\" src=\"https:\/\/nutritius.peacefulqode.com\/wp-content\/uploads\/2022\/08\/1.jpg\" alt=\"service-image\">\r\n\t\t\t\t\t\t\t\t\t\t\t\t<\/div>\r\n\r\n\t\t\t\t\t<div class=\"pt-service-number\">\r\n\t\t\t\t\t\t01\t\t\t\t\t<\/div>\r\n\t\t\t\t\t<div class=\"pt-service-box-title\">\r\n\t\t\t\t\t\t<h6 class=\"pt-service-box-title pt-hover-none\">Consulta Nutricional<\/h6>\t\t\t\t\t<\/div>\r\n\t\t\t\t\t\t\r\n\t\t\t\t\t\t<div class=\"pt-service-box-btn\">\r\n\t\t\t\t\t\t\t<a class=\"pt-button pt-btn-link\" \r\n\t\t\t\t\t\t\thref=\"https:\/\/operamx.events\/nutrimental\/index.php\/consulta-nutricional\/\"><i class=\" ti-plus\" aria-hidden=\"true\"><\/i>\r\n\t\t\t\t\t\t<\/a>\r\n\t\t\t\t\t<\/div>\r\n\t\t\t\t\t\t\t<\/div>\r\n\t\t<\/div>\r\n\t\t\t\t\t<div class=\"item\">\r\n\t\t\t\t<div class=\"pt-service-box pt-style-6\">\r\n\t\t\t\t\t<div class=\"pt-service-img\">\r\n\t\t\t\t\t\t\t\t\t\t\t\t\t<img decoding=\"async\" src=\"https:\/\/nutritius.peacefulqode.com\/wp-content\/uploads\/2022\/08\/2.jpg\" alt=\"service-image\">\r\n\t\t\t\t\t\t\t\t\t\t\t\t<\/div>\r\n\r\n\t\t\t\t\t<div class=\"pt-service-number\">\r\n\t\t\t\t\t\t02\t\t\t\t\t<\/div>\r\n\t\t\t\t\t<div class=\"pt-service-box-title\">\r\n\t\t\t\t\t\t<h5 class=\"pt-service-box-title pt-hover-none\">Interconsultas y Especialidades<\/h5>\t\t\t\t\t<\/div>\r\n\t\t\t\t\t\t\r\n\t\t\t\t\t\t<div class=\"pt-service-box-btn\">\r\n\t\t\t\t\t\t\t<a class=\"pt-button pt-btn-link pt-button pt-btn-link\" \r\n\t\t\t\t\t\t\thref=\"https:\/\/operamx.events\/nutrimental\/index.php\/interconsultas-y-especialidades\/\"><i class=\"ti-plus\" aria-hidden=\"true\"><\/i>\r\n\t\t\t\t\t\t<\/a>\r\n\t\t\t\t\t<\/div>\r\n\t\t\t\t\t\t\t<\/div>\r\n\t\t<\/div>\r\n\t\t\t\t\t<div class=\"item\">\r\n\t\t\t\t<div class=\"pt-service-box pt-style-6\">\r\n\t\t\t\t\t<div class=\"pt-service-img\">\r\n\t\t\t\t\t\t\t\t\t\t\t\t\t<img decoding=\"async\" src=\"https:\/\/nutritius.peacefulqode.com\/wp-content\/uploads\/2022\/08\/3.jpg\" alt=\"service-image\">\r\n\t\t\t\t\t\t\t\t\t\t\t\t<\/div>\r\n\r\n\t\t\t\t\t<div class=\"pt-service-number\">\r\n\t\t\t\t\t\t03\t\t\t\t\t<\/div>\r\n\t\t\t\t\t<div class=\"pt-service-box-title\">\r\n\t\t\t\t\t\t<h5 class=\"pt-service-box-title pt-hover-none\">Asesoramiento Empresas e Instituciones<\/h5>\t\t\t\t\t<\/div>\r\n\t\t\t\t\t\t\r\n\t\t\t\t\t\t<div class=\"pt-service-box-btn\">\r\n\t\t\t\t\t\t\t<a class=\"pt-button pt-btn-link pt-button pt-btn-link pt-button pt-btn-link\" \r\n\t\t\t\t\t\t\thref=\"https:\/\/operamx.events\/nutrimental\/index.php\/asesoramiento-a-empresas-e-instituciones\/\"><i class=\"ti-plus\" aria-hidden=\"true\"><\/i>\r\n\t\t\t\t\t\t<\/a>\r\n\t\t\t\t\t<\/div>\r\n\t\t\t\t\t\t\t<\/div>\r\n\t\t<\/div>\r\n\t\t<\/div>\r\n\t\t<\/div>\n\t\t\t\t<\/div>\n\t\t\t\t\t<\/div>\n\t\t<\/div>\n\t\t\t\t\t\t\t<\/div>\n\t\t<\/div>\n\t\t\t\t\t\t\t<\/div>\n\t\t","protected":false},"excerpt":{"rendered":"<p>En Nutrimental, la nutrici\u00f3n cl\u00ednica es el eje principal y destaca por su atenci\u00f3n especializada y personalizada. Nutrimental es una Cl\u00ednica de Nutrici\u00f3n Integral creada por Angela Kimura en 2001. Est\u00e1 integrada por expertos en nutrici\u00f3n que se mantienen en constante actualizaci\u00f3n. Nuestra misi\u00f3n es guiarte a trav\u00e9s de la informaci\u00f3n basa en evidencia sobre [&hellip;]<\/p>\n","protected":false},"author":1,"featured_media":0,"parent":0,"menu_order":0,"comment_status":"closed","ping_status":"closed","template":"","meta":{"_monsterinsights_skip_tracking":false,"_monsterinsights_sitenote_active":false,"_monsterinsights_sitenote_note":"","_monsterinsights_sitenote_category":0,"footnotes":""},"acf":[],"aioseo_notices":[],"_links":{"self":[{"href":"https:\/\/operamx.events\/nutrimental\/index.php\/wp-json\/wp\/v2\/pages\/6849"}],"collection":[{"href":"https:\/\/operamx.events\/nutrimental\/index.php\/wp-json\/wp\/v2\/pages"}],"about":[{"href":"https:\/\/operamx.events\/nutrimental\/index.php\/wp-json\/wp\/v2\/types\/page"}],"author":[{"embeddable":true,"href":"https:\/\/operamx.events\/nutrimental\/index.php\/wp-json\/wp\/v2\/users\/1"}],"replies":[{"embeddable":true,"href":"https:\/\/operamx.events\/nutrimental\/index.php\/wp-json\/wp\/v2\/comments?post=6849"}],"version-history":[{"count":19,"href":"https:\/\/operamx.events\/nutrimental\/index.php\/wp-json\/wp\/v2\/pages\/6849\/revisions"}],"predecessor-version":[{"id":6877,"href":"https:\/\/operamx.events\/nutrimental\/index.php\/wp-json\/wp\/v2\/pages\/6849\/revisions\/6877"}],"wp:attachment":[{"href":"https:\/\/operamx.events\/nutrimental\/index.php\/wp-json\/wp\/v2\/media?parent=6849"}],"curies":[{"name":"wp","href":"https:\/\/api.w.org\/{rel}","templated":true}]}}