{"id":935,"date":"2022-08-20T06:10:52","date_gmt":"2022-08-20T06:10:52","guid":{"rendered":"https:\/\/nutritius.peacefulqode.com\/?page_id=935"},"modified":"2023-12-11T23:09:31","modified_gmt":"2023-12-11T22:09:31","slug":"faq","status":"publish","type":"page","link":"https:\/\/operamx.events\/nutrimental\/index.php\/faq\/","title":{"rendered":"FAQ"},"content":{"rendered":"\t\t<div data-elementor-type=\"wp-page\" data-elementor-id=\"935\" class=\"elementor elementor-935\">\n\t\t\t\t\t\t\t\t\t<div class=\"elementor-section elementor-top-section elementor-element elementor-element-5b1fb9b elementor-section-stretched elementor-section-boxed elementor-section-height-default elementor-section-height-default\" data-id=\"5b1fb9b\" data-element_type=\"section\" data-settings=\"{&quot;stretch_section&quot;:&quot;section-stretched&quot;,&quot;background_background&quot;:&quot;classic&quot;}\">\n\t\t\t\t\t\t\t<div class=\"elementor-background-overlay\"><\/div>\n\t\t\t\t\t\t\t<div class=\"elementor-container elementor-column-gap-default\">\n\t\t\t\t\t<div class=\"elementor-column elementor-col-50 elementor-top-column elementor-element elementor-element-4e3bc34\" data-id=\"4e3bc34\" data-element_type=\"column\">\n\t\t\t<div class=\"elementor-widget-wrap elementor-element-populated\">\n\t\t\t\t\t\t\t\t<div class=\"elementor-element elementor-element-e2cf23e elementor-widget elementor-widget-image\" data-id=\"e2cf23e\" data-element_type=\"widget\" data-widget_type=\"image.default\">\n\t\t\t\t<div class=\"elementor-widget-container\">\n\t\t\t<style>\/*! elementor - v3.17.0 - 08-11-2023 *\/\n.elementor-widget-image{text-align:center}.elementor-widget-image a{display:inline-block}.elementor-widget-image a img[src$=\".svg\"]{width:48px}.elementor-widget-image img{vertical-align:middle;display:inline-block}<\/style>\t\t\t\t\t\t\t\t\t\t\t\t<img fetchpriority=\"high\" decoding=\"async\" width=\"847\" height=\"856\" src=\"https:\/\/operamx.events\/nutrimental\/wp-content\/uploads\/2022\/08\/1-2.jpg\" class=\"attachment-full size-full wp-image-1620\" alt=\"\" srcset=\"https:\/\/operamx.events\/nutrimental\/wp-content\/uploads\/2022\/08\/1-2.jpg 847w, https:\/\/operamx.events\/nutrimental\/wp-content\/uploads\/2022\/08\/1-2-297x300.jpg 297w, https:\/\/operamx.events\/nutrimental\/wp-content\/uploads\/2022\/08\/1-2-768x776.jpg 768w, https:\/\/operamx.events\/nutrimental\/wp-content\/uploads\/2022\/08\/1-2-600x606.jpg 600w, https:\/\/operamx.events\/nutrimental\/wp-content\/uploads\/2022\/08\/1-2-100x100.jpg 100w\" sizes=\"(max-width: 847px) 100vw, 847px\" \/>\t\t\t\t\t\t\t\t\t\t\t\t\t\t\t<\/div>\n\t\t\t\t<\/div>\n\t\t\t\t\t<\/div>\n\t\t<\/div>\n\t\t\t\t<div class=\"elementor-column elementor-col-50 elementor-top-column elementor-element elementor-element-5b52237\" data-id=\"5b52237\" data-element_type=\"column\">\n\t\t\t<div class=\"elementor-widget-wrap elementor-element-populated\">\n\t\t\t\t\t\t\t\t<div class=\"elementor-element elementor-element-bbf211c elementor-widget elementor-widget-section-title\" data-id=\"bbf211c\" data-element_type=\"widget\" data-widget_type=\"section-title.default\">\n\t\t\t\t<div class=\"elementor-widget-container\">\n\t\t\t<div class=\"pt-section-title-box  pt-section-title-style-1 text-left\">\r\n\r\n   \t\t   \t\t<span class=\"pt-section-sub-title\">PREGUNTAS FRECUENTES<\/span>\r\n   \t   \t\t\t   <h5 class=\"pt-section-title\" >DUDAS<\/h5>\r\n\t   <p class=\"pt-section-description\"><\/p>\r\n     \r\n \r\n\t<\/div>\r\n\r\n\t\t<\/div>\n\t\t\t\t<\/div>\n\t\t\t\t<div class=\"elementor-element elementor-element-f800d47 elementor-widget elementor-widget-accordion\" data-id=\"f800d47\" data-element_type=\"widget\" data-widget_type=\"accordion.default\">\n\t\t\t\t<div class=\"elementor-widget-container\">\n\t\t\t<style>\/*! elementor - v3.17.0 - 08-11-2023 *\/\n.elementor-accordion{text-align:left}.elementor-accordion .elementor-accordion-item{border:1px solid #d5d8dc}.elementor-accordion .elementor-accordion-item+.elementor-accordion-item{border-top:none}.elementor-accordion .elementor-tab-title{margin:0;padding:15px 20px;font-weight:700;line-height:1;cursor:pointer;outline:none}.elementor-accordion .elementor-tab-title .elementor-accordion-icon{display:inline-block;width:1.5em}.elementor-accordion .elementor-tab-title .elementor-accordion-icon svg{width:1em;height:1em}.elementor-accordion .elementor-tab-title .elementor-accordion-icon.elementor-accordion-icon-right{float:right;text-align:right}.elementor-accordion .elementor-tab-title .elementor-accordion-icon.elementor-accordion-icon-left{float:left;text-align:left}.elementor-accordion .elementor-tab-title .elementor-accordion-icon .elementor-accordion-icon-closed{display:block}.elementor-accordion .elementor-tab-title .elementor-accordion-icon .elementor-accordion-icon-opened,.elementor-accordion .elementor-tab-title.elementor-active .elementor-accordion-icon-closed{display:none}.elementor-accordion .elementor-tab-title.elementor-active .elementor-accordion-icon-opened{display:block}.elementor-accordion .elementor-tab-content{display:none;padding:15px 20px;border-top:1px solid #d5d8dc}@media (max-width:767px){.elementor-accordion .elementor-tab-title{padding:12px 15px}.elementor-accordion .elementor-tab-title .elementor-accordion-icon{width:1.2em}.elementor-accordion .elementor-tab-content{padding:7px 15px}}.e-con-inner>.elementor-widget-accordion,.e-con>.elementor-widget-accordion{width:var(--container-widget-width);--flex-grow:var(--container-widget-flex-grow)}<\/style><div class=\"pt-accordion-block \" >\r\n  \r\n    <div class=\"pt-accordion-box pt-active  1\">\r\n      <div class=\"pt-ad-title\">\r\n\r\n        <h6 class=\"ad-title-text\">\r\n          \u00bfC\u00f3mo puedo mejorar mi salud?\r\n        <i aria-hidden=\"true\" class=\"ion ion-ios-arrow-down active\"><\/i><i aria-hidden=\"true\" class=\"ion ion-ios-arrow-up inactive\"><\/i>\r\n       <\/h6>\r\n\r\n      <\/div>\r\n\r\n      <div class=\"pt-accordion-details\">\r\n\r\n         <p class=\"pt-detail-text\"> Lorem ipsum dolor sit amet, consectetur adipiscing elit. Ut elit tellus, luctus nec ullamcorper mattis, pulvinar dapibus leo. <\/p>\r\n\r\n      <\/div>\r\n    <\/div>\r\n   \r\n    <div class=\"pt-accordion-box   2\">\r\n      <div class=\"pt-ad-title\">\r\n\r\n        <h6 class=\"ad-title-text\">\r\n          \u00bfM\u00e1s informaci\u00f3n sobre el programa de p\u00e9rdida de peso?\r\n        <i aria-hidden=\"true\" class=\"ion ion-ios-arrow-down active\"><\/i><i aria-hidden=\"true\" class=\"ion ion-ios-arrow-up inactive\"><\/i>\r\n       <\/h6>\r\n\r\n      <\/div>\r\n\r\n      <div class=\"pt-accordion-details\">\r\n\r\n         <p class=\"pt-detail-text\"> Lorem ipsum dolor sit amet, consectetur adipiscing elit. Ut elit tellus, luctus nec ullamcorper mattis, pulvinar dapibus leo. <\/p>\r\n\r\n      <\/div>\r\n    <\/div>\r\n   \r\n    <div class=\"pt-accordion-box   3\">\r\n      <div class=\"pt-ad-title\">\r\n\r\n        <h6 class=\"ad-title-text\">\r\n          \u00bfC\u00f3mo saber si un producto es adecuado?\r\n        <i aria-hidden=\"true\" class=\"ion ion-ios-arrow-down active\"><\/i><i aria-hidden=\"true\" class=\"ion ion-ios-arrow-up inactive\"><\/i>\r\n       <\/h6>\r\n\r\n      <\/div>\r\n\r\n      <div class=\"pt-accordion-details\">\r\n\r\n         <p class=\"pt-detail-text\"> Lorem ipsum dolor sit amet, consectetur adipiscing elit. Ut elit tellus, luctus nec ullamcorper mattis, pulvinar dapibus leo. <\/p>\r\n\r\n      <\/div>\r\n    <\/div>\r\n   \r\n    <div class=\"pt-accordion-box   4\">\r\n      <div class=\"pt-ad-title\">\r\n\r\n        <h6 class=\"ad-title-text\">\r\n          \u00bfQu\u00e9 nos ofrecen los nutri\u00f3logos?\r\n        <i aria-hidden=\"true\" class=\"ion ion-ios-arrow-down active\"><\/i><i aria-hidden=\"true\" class=\"ion ion-ios-arrow-up inactive\"><\/i>\r\n       <\/h6>\r\n\r\n      <\/div>\r\n\r\n      <div class=\"pt-accordion-details\">\r\n\r\n         <p class=\"pt-detail-text\"> Lorem ipsum dolor sit amet, consectetur adipiscing elit. Ut elit tellus, luctus nec ullamcorper mattis, pulvinar dapibus leo. <\/p>\r\n\r\n      <\/div>\r\n    <\/div>\r\n   \r\n    <div class=\"pt-accordion-box   5\">\r\n      <div class=\"pt-ad-title\">\r\n\r\n        <h6 class=\"ad-title-text\">\r\n          \u00bfC\u00f3mo seguir el plan de nutrici\u00f3n?\r\n        <i aria-hidden=\"true\" class=\"ion ion-ios-arrow-down active\"><\/i><i aria-hidden=\"true\" class=\"ion ion-ios-arrow-up inactive\"><\/i>\r\n       <\/h6>\r\n\r\n      <\/div>\r\n\r\n      <div class=\"pt-accordion-details\">\r\n\r\n         <p class=\"pt-detail-text\"> Lorem ipsum dolor sit amet, consectetur adipiscing elit. Ut elit tellus, luctus nec ullamcorper mattis, pulvinar dapibus leo. <\/p>\r\n\r\n      <\/div>\r\n    <\/div>\r\n   \r\n  <\/div>\r\n          \t<script type=\"text\/javascript\">\r\n        \t\t \/*------------------------\r\n                Accordion\r\n                --------------------------*\/\r\n                jQuery('.pt-accordion-block .pt-accordion-box .pt-accordion-details').hide();\r\n                jQuery('.pt-accordion-block .pt-accordion-box:first').addClass('pt-active').children().slideDown('slow');\r\n                jQuery('.pt-accordion-block .pt-accordion-box').on(\"click\", function() {\r\n                    if (jQuery(this).children('div.pt-accordion-details').is(':hidden')) {\r\n                        jQuery('.pt-accordion-block .pt-accordion-box').removeClass('pt-active').children('div.pt-accordion-details').slideUp('slow');\r\n                        jQuery(this).toggleClass('pt-active').children('div.pt-accordion-details').slideDown('slow');\r\n                    }\r\n                });\r\n\r\n\r\n\r\n        \t<\/script>\r\n        \t\t<\/div>\n\t\t\t\t<\/div>\n\t\t\t\t\t<\/div>\n\t\t<\/div>\n\t\t\t\t\t\t\t<\/div>\n\t\t<\/div>\n\t\t\t\t\t\t\t<\/div>\n\t\t","protected":false},"excerpt":{"rendered":"<p>PREGUNTAS FRECUENTES DUDAS \u00bfC\u00f3mo puedo mejorar mi salud? Lorem ipsum dolor sit amet, consectetur adipiscing elit. Ut elit tellus, luctus nec ullamcorper mattis, pulvinar dapibus leo. \u00bfM\u00e1s informaci\u00f3n sobre el programa de p\u00e9rdida de peso? Lorem ipsum dolor sit amet, consectetur adipiscing elit. Ut elit tellus, luctus nec ullamcorper mattis, pulvinar dapibus leo. \u00bfC\u00f3mo saber [&hellip;]<\/p>\n","protected":false},"author":1,"featured_media":0,"parent":0,"menu_order":0,"comment_status":"closed","ping_status":"closed","template":"","meta":{"_monsterinsights_skip_tracking":false,"_monsterinsights_sitenote_active":false,"_monsterinsights_sitenote_note":"","_monsterinsights_sitenote_category":0,"footnotes":""},"acf":[],"aioseo_notices":[],"_links":{"self":[{"href":"https:\/\/operamx.events\/nutrimental\/index.php\/wp-json\/wp\/v2\/pages\/935"}],"collection":[{"href":"https:\/\/operamx.events\/nutrimental\/index.php\/wp-json\/wp\/v2\/pages"}],"about":[{"href":"https:\/\/operamx.events\/nutrimental\/index.php\/wp-json\/wp\/v2\/types\/page"}],"author":[{"embeddable":true,"href":"https:\/\/operamx.events\/nutrimental\/index.php\/wp-json\/wp\/v2\/users\/1"}],"replies":[{"embeddable":true,"href":"https:\/\/operamx.events\/nutrimental\/index.php\/wp-json\/wp\/v2\/comments?post=935"}],"version-history":[{"count":4,"href":"https:\/\/operamx.events\/nutrimental\/index.php\/wp-json\/wp\/v2\/pages\/935\/revisions"}],"predecessor-version":[{"id":6954,"href":"https:\/\/operamx.events\/nutrimental\/index.php\/wp-json\/wp\/v2\/pages\/935\/revisions\/6954"}],"wp:attachment":[{"href":"https:\/\/operamx.events\/nutrimental\/index.php\/wp-json\/wp\/v2\/media?parent=935"}],"curies":[{"name":"wp","href":"https:\/\/api.w.org\/{rel}","templated":true}]}}